{"id":98,"date":"2023-04-25T13:37:36","date_gmt":"2023-04-25T13:37:36","guid":{"rendered":"https:\/\/europeanvintage.fr\/?page_id=98"},"modified":"2023-04-26T14:06:18","modified_gmt":"2023-04-26T14:06:18","slug":"mentions-legales","status":"publish","type":"page","link":"https:\/\/europeanvintage.fr\/?page_id=98","title":{"rendered":"Mentions L\u00e9gales"},"content":{"rendered":"\t\t<div data-elementor-type=\"wp-page\" data-elementor-id=\"98\" class=\"elementor elementor-98\">\n\t\t\t\t\t\t\t\t\t<section class=\"elementor-section elementor-top-section elementor-element elementor-element-62be965 elementor-section-boxed elementor-section-height-default elementor-section-height-default\" data-id=\"62be965\" data-element_type=\"section\">\n\t\t\t\t\t\t<div class=\"elementor-container elementor-column-gap-default\">\n\t\t\t\t\t<div class=\"elementor-column elementor-col-100 elementor-top-column elementor-element elementor-element-4370fc2\" data-id=\"4370fc2\" data-element_type=\"column\">\n\t\t\t<div class=\"elementor-widget-wrap elementor-element-populated\">\n\t\t\t\t\t\t\t\t<div class=\"elementor-element elementor-element-9120bb5 elementor-widget elementor-widget-heading\" data-id=\"9120bb5\" data-element_type=\"widget\" data-widget_type=\"heading.default\">\n\t\t\t\t<div class=\"elementor-widget-container\">\n\t\t\t<style>\/*! elementor - v3.12.2 - 23-04-2023 *\/\n.elementor-heading-title{padding:0;margin:0;line-height:1}.elementor-widget-heading .elementor-heading-title[class*=elementor-size-]>a{color:inherit;font-size:inherit;line-height:inherit}.elementor-widget-heading .elementor-heading-title.elementor-size-small{font-size:15px}.elementor-widget-heading .elementor-heading-title.elementor-size-medium{font-size:19px}.elementor-widget-heading .elementor-heading-title.elementor-size-large{font-size:29px}.elementor-widget-heading .elementor-heading-title.elementor-size-xl{font-size:39px}.elementor-widget-heading .elementor-heading-title.elementor-size-xxl{font-size:59px}<\/style><h2 class=\"elementor-heading-title elementor-size-default\">Mentions L\u00e9gales<\/h2>\t\t<\/div>\n\t\t\t\t<\/div>\n\t\t\t\t<div class=\"elementor-element elementor-element-e0035b3 elementor-widget elementor-widget-text-editor\" data-id=\"e0035b3\" data-element_type=\"widget\" data-widget_type=\"text-editor.default\">\n\t\t\t\t<div class=\"elementor-widget-container\">\n\t\t\t<style>\/*! elementor - v3.12.2 - 23-04-2023 *\/\n.elementor-widget-text-editor.elementor-drop-cap-view-stacked .elementor-drop-cap{background-color:#69727d;color:#fff}.elementor-widget-text-editor.elementor-drop-cap-view-framed .elementor-drop-cap{color:#69727d;border:3px solid;background-color:transparent}.elementor-widget-text-editor:not(.elementor-drop-cap-view-default) .elementor-drop-cap{margin-top:8px}.elementor-widget-text-editor:not(.elementor-drop-cap-view-default) .elementor-drop-cap-letter{width:1em;height:1em}.elementor-widget-text-editor .elementor-drop-cap{float:left;text-align:center;line-height:1;font-size:50px}.elementor-widget-text-editor .elementor-drop-cap-letter{display:inline-block}<\/style>\t\t\t\t<p><strong>Site r\u00e9alis\u00e9 par la soci\u00e9t\u00e9<\/strong><\/p><p>KARITA INTERACTIVE<\/p><p>T\u00e9l. :+ 33 4 67 42 66 28<br \/><a href=\"https:\/\/www.karita.fr\/\">www.karita.fr<\/a><br \/><a href=\"mailto:contact@karita.fr\">contact@karita.fr<\/a><\/p><p><strong>Informations g\u00e9n\u00e9rales<\/strong><\/p><p>EUROPEAN VINTAGE<br \/><strong>ADRESSE<\/strong><br \/>T\u00e9l. :\u00a0<strong>T\u00c9L\u00c9PHONE<\/strong><\/p><p><strong>\u00c9diteur et h\u00e9bergement<\/strong><\/p><p>Vous \u00eates actuellement connect\u00e9 au site Internet https:\/\/www.europeanvintage.fr<br \/>Directeur de la publication :\u00a0<strong>NOM<\/strong><br \/>Webmaster :\u00a0<strong>NOM<\/strong><br \/>Site d\u00e9velopp\u00e9 par KARITA INTERACTIVE et h\u00e9berg\u00e9 par OVH<\/p><p>KARITA INTERACTIVE<br \/>14, rue des Vergers<br \/>34130 Mudaison<br \/>FRANCE<br \/>T\u00e9l. +33 4 67 42 66 28<\/p><p><strong>NOM ET ADRESSE SOCI\u00c9T\u00c9 H\u00c9BERGEMENT<\/strong><\/p><p><strong>Loi informatique et libert\u00e9<\/strong><\/p><p>Vous disposez d\u2019un droit d\u2019acc\u00e8s, de modification, de rectification et de suppression des donn\u00e9es qui vous concernent (loi \u00ab\u00a0Informatique et Libert\u00e9s\u00a0\u00bb du 6 janvier 1978). Pour exercer ce droit, adressez-vous par courrier \u00e0 :<\/p><p>EUROPEAN VINTAGE<br \/><strong>ADRESSE<\/strong><\/p><p><strong>D\u00e9claration<\/strong><\/p><p><strong>Droit d\u2019auteur et copyright<\/strong><\/p><p>L\u2019ensemble de ce site rel\u00e8ve de la l\u00e9gislation Suisse et internationale sur le droit d\u2019auteur et la propri\u00e9t\u00e9 intellectuelle. Tous les droits de reproduction sont r\u00e9serv\u00e9s, y compris pour les documents t\u00e9l\u00e9chargeables et les repr\u00e9sentations iconographiques et photographiques. La reproduction des textes de ce site sur un support papier ou \u00e9lectronique est autoris\u00e9e, notamment dans le cadre p\u00e9dagogique ou publicitaire, sous r\u00e9serve du respect des trois conditions suivantes :<\/p><ul><li>gratuit\u00e9 de la diffusion,<\/li><li>respect de l\u2019int\u00e9grit\u00e9 des documents reproduits : pas de modification ni alt\u00e9ration d\u2019aucune sorte,<\/li><li>citation claire et lisible de la source sous la forme suivante -par exemple \u2013 : \u00ab ce document provient du site Internet European Vintage : http:\/\/www.europeanvintage.fr. Les droits de reproduction sont r\u00e9serv\u00e9s et strictement limit\u00e9s \u00bb. L\u2019adresse Internet du site European Vintage doit imp\u00e9rativement figurer dans la r\u00e9f\u00e9rence.<\/li><\/ul><p>A l\u2019exception des dispositions ci-dessus, toute reproduction, repr\u00e9sentation, utilisation ou adaptation, sous quelque forme que ce soit, de tout ou partie des \u00e9l\u00e9ments du site sans l\u2019accord \u00e9crit de European Vintage est constitutif d\u2019un acte de contrefa\u00e7on sanctionn\u00e9 par le Code de la Propri\u00e9t\u00e9 Intellectuelle. Toutes marques (marques nominales et logos) et tout autre signe distinctif qui apparaissent sur notre site sont la propri\u00e9t\u00e9 de European Vintage ou de ses partenaires. Par cons\u00e9quent, toute reproduction et\/ou repr\u00e9sentation, et tout usage de ces signes distinctifs sont donc prohib\u00e9s, sauf autorisation \u00e9crite de leur titulaire.<\/p><p><strong>Liens hypertexte<\/strong><\/p><p>European Vintage ne saurait \u00eatre tenue responsable du contenu, des donn\u00e9es, des produits et informations diverses propos\u00e9s \u00e0 travers les sites vers lesquels des liens hypertexte sont r\u00e9alis\u00e9s. En particulier, European Vintage se d\u00e9gage de toute responsabilit\u00e9 relative aux sites dont les donn\u00e9es ne seraient pas conformes aux dispositions l\u00e9gales et r\u00e9glementaires en vigueur.<\/p><p>Les pr\u00e9sentes Mentions L\u00e9gales sont soumises au droit Suisse. En cas de contentieux, les tribunaux Suisse seront seuls comp\u00e9tents.<\/p><p>Les informations personnelles collect\u00e9es par EUROPEAN VINTAGE seront utilis\u00e9es pour les n\u00e9cessit\u00e9s de la gestion de votre relation avec EUROPEAN VINTAGE et notamment pour r\u00e9pondre \u00e0 vos demandes, \u00e0 des fins d\u2019enqu\u00eates et d\u2019informations, vous proposer des offres commerciales susceptibles de vous int\u00e9resser, ou aux fins d\u2019enrichir et am\u00e9liorer nos bases de donn\u00e9es clients et prospects en vue de maintenir des informations actuelles, correctes et pertinentes.<br \/>Conform\u00e9ment \u00e0 la loi \u00ab Informatique et Libert\u00e9s \u00bb n\u00b078-17 du 6 janvier 1978, vous disposez d\u2019un droit d\u2019acc\u00e8s et de rectification de ces donn\u00e9es ainsi que d\u2019un droit de vous opposer \u00e0 ce que ces donn\u00e9es fassent l\u2019objet d\u2019un traitement en nous contactant par courrier \u00e0 l\u2019adresse suivante : European Vintage \u2013\u00a0<strong>ADRESSE.<\/strong><\/p>\t\t\t\t\t\t<\/div>\n\t\t\t\t<\/div>\n\t\t\t\t\t<\/div>\n\t\t<\/div>\n\t\t\t\t\t\t\t<\/div>\n\t\t<\/section>\n\t\t\t\t\t\t\t<\/div>\n\t\t","protected":false},"excerpt":{"rendered":"<p>Mentions L\u00e9gales Site r\u00e9alis\u00e9 par la soci\u00e9t\u00e9 KARITA INTERACTIVE T\u00e9l. :+ 33 4 67 42 66 28www.karita.frcontact@karita.fr Informations g\u00e9n\u00e9rales EUROPEAN VINTAGEADRESSET\u00e9l. :\u00a0T\u00c9L\u00c9PHONE \u00c9diteur et h\u00e9bergement Vous \u00eates actuellement connect\u00e9 au site Internet https:\/\/www.europeanvintage.frDirecteur de la publication :\u00a0NOMWebmaster :\u00a0NOMSite d\u00e9velopp\u00e9 par KARITA INTERACTIVE et h\u00e9berg\u00e9 par OVH KARITA INTERACTIVE14, rue des Vergers34130 MudaisonFRANCET\u00e9l. +33 4 67 [&hellip;]<\/p>\n","protected":false},"author":1,"featured_media":0,"parent":0,"menu_order":0,"comment_status":"closed","ping_status":"closed","template":"elementor_header_footer","meta":{"footnotes":""},"class_list":["post-98","page","type-page","status-publish","hentry"],"yoast_head":"<!-- This site is optimized with the Yoast SEO plugin v20.6 - https:\/\/yoast.com\/wordpress\/plugins\/seo\/ -->\n<title>Mentions L\u00e9gales - European Vintage<\/title>\n<meta name=\"robots\" content=\"index, follow, max-snippet:-1, max-image-preview:large, max-video-preview:-1\" \/>\n<link rel=\"canonical\" href=\"https:\/\/europeanvintage.fr\/?page_id=98\" \/>\n<meta property=\"og:locale\" content=\"fr_FR\" \/>\n<meta property=\"og:type\" content=\"article\" \/>\n<meta property=\"og:title\" content=\"Mentions L\u00e9gales - European Vintage\" \/>\n<meta property=\"og:description\" content=\"Mentions L\u00e9gales Site r\u00e9alis\u00e9 par la soci\u00e9t\u00e9 KARITA INTERACTIVE T\u00e9l. :+ 33 4 67 42 66 28www.karita.frcontact@karita.fr Informations g\u00e9n\u00e9rales EUROPEAN VINTAGEADRESSET\u00e9l. :\u00a0T\u00c9L\u00c9PHONE \u00c9diteur et h\u00e9bergement Vous \u00eates actuellement connect\u00e9 au site Internet https:\/\/www.europeanvintage.frDirecteur de la publication :\u00a0NOMWebmaster :\u00a0NOMSite d\u00e9velopp\u00e9 par KARITA INTERACTIVE et h\u00e9berg\u00e9 par OVH KARITA INTERACTIVE14, rue des Vergers34130 MudaisonFRANCET\u00e9l. +33 4 67 [&hellip;]\" \/>\n<meta property=\"og:url\" content=\"https:\/\/europeanvintage.fr\/?page_id=98\" \/>\n<meta property=\"og:site_name\" content=\"European Vintage\" \/>\n<meta property=\"article:modified_time\" content=\"2023-04-26T14:06:18+00:00\" \/>\n<meta name=\"twitter:card\" content=\"summary_large_image\" \/>\n<meta name=\"twitter:label1\" content=\"Dur\u00e9e de lecture estim\u00e9e\" \/>\n\t<meta name=\"twitter:data1\" content=\"3 minutes\" \/>\n<script type=\"application\/ld+json\" class=\"yoast-schema-graph\">{\"@context\":\"https:\/\/schema.org\",\"@graph\":[{\"@type\":\"WebPage\",\"@id\":\"https:\/\/europeanvintage.fr\/?page_id=98\",\"url\":\"https:\/\/europeanvintage.fr\/?page_id=98\",\"name\":\"Mentions L\u00e9gales - European Vintage\",\"isPartOf\":{\"@id\":\"https:\/\/europeanvintage.fr\/#website\"},\"datePublished\":\"2023-04-25T13:37:36+00:00\",\"dateModified\":\"2023-04-26T14:06:18+00:00\",\"breadcrumb\":{\"@id\":\"https:\/\/europeanvintage.fr\/?page_id=98#breadcrumb\"},\"inLanguage\":\"fr-FR\",\"potentialAction\":[{\"@type\":\"ReadAction\",\"target\":[\"https:\/\/europeanvintage.fr\/?page_id=98\"]}]},{\"@type\":\"BreadcrumbList\",\"@id\":\"https:\/\/europeanvintage.fr\/?page_id=98#breadcrumb\",\"itemListElement\":[{\"@type\":\"ListItem\",\"position\":1,\"name\":\"Accueil\",\"item\":\"https:\/\/europeanvintage.fr\/\"},{\"@type\":\"ListItem\",\"position\":2,\"name\":\"Mentions L\u00e9gales\"}]},{\"@type\":\"WebSite\",\"@id\":\"https:\/\/europeanvintage.fr\/#website\",\"url\":\"https:\/\/europeanvintage.fr\/\",\"name\":\"European Vintage\",\"description\":\"Classics and Moderns Cars\",\"publisher\":{\"@id\":\"https:\/\/europeanvintage.fr\/#organization\"},\"potentialAction\":[{\"@type\":\"SearchAction\",\"target\":{\"@type\":\"EntryPoint\",\"urlTemplate\":\"https:\/\/europeanvintage.fr\/?s={search_term_string}\"},\"query-input\":\"required name=search_term_string\"}],\"inLanguage\":\"fr-FR\"},{\"@type\":\"Organization\",\"@id\":\"https:\/\/europeanvintage.fr\/#organization\",\"name\":\"European Vintage\",\"url\":\"https:\/\/europeanvintage.fr\/\",\"logo\":{\"@type\":\"ImageObject\",\"inLanguage\":\"fr-FR\",\"@id\":\"https:\/\/europeanvintage.fr\/#\/schema\/logo\/image\/\",\"url\":\"https:\/\/europeanvintage.fr\/wp-content\/uploads\/2023\/04\/logo.jpg\",\"contentUrl\":\"https:\/\/europeanvintage.fr\/wp-content\/uploads\/2023\/04\/logo.jpg\",\"width\":232,\"height\":100,\"caption\":\"European Vintage\"},\"image\":{\"@id\":\"https:\/\/europeanvintage.fr\/#\/schema\/logo\/image\/\"}}]}<\/script>\n<!-- \/ Yoast SEO plugin. -->","yoast_head_json":{"title":"Mentions L\u00e9gales - European Vintage","robots":{"index":"index","follow":"follow","max-snippet":"max-snippet:-1","max-image-preview":"max-image-preview:large","max-video-preview":"max-video-preview:-1"},"canonical":"https:\/\/europeanvintage.fr\/?page_id=98","og_locale":"fr_FR","og_type":"article","og_title":"Mentions L\u00e9gales - European Vintage","og_description":"Mentions L\u00e9gales Site r\u00e9alis\u00e9 par la soci\u00e9t\u00e9 KARITA INTERACTIVE T\u00e9l. :+ 33 4 67 42 66 28www.karita.frcontact@karita.fr Informations g\u00e9n\u00e9rales EUROPEAN VINTAGEADRESSET\u00e9l. :\u00a0T\u00c9L\u00c9PHONE \u00c9diteur et h\u00e9bergement Vous \u00eates actuellement connect\u00e9 au site Internet https:\/\/www.europeanvintage.frDirecteur de la publication :\u00a0NOMWebmaster :\u00a0NOMSite d\u00e9velopp\u00e9 par KARITA INTERACTIVE et h\u00e9berg\u00e9 par OVH KARITA INTERACTIVE14, rue des Vergers34130 MudaisonFRANCET\u00e9l. +33 4 67 [&hellip;]","og_url":"https:\/\/europeanvintage.fr\/?page_id=98","og_site_name":"European Vintage","article_modified_time":"2023-04-26T14:06:18+00:00","twitter_card":"summary_large_image","twitter_misc":{"Dur\u00e9e de lecture estim\u00e9e":"3 minutes"},"schema":{"@context":"https:\/\/schema.org","@graph":[{"@type":"WebPage","@id":"https:\/\/europeanvintage.fr\/?page_id=98","url":"https:\/\/europeanvintage.fr\/?page_id=98","name":"Mentions L\u00e9gales - European Vintage","isPartOf":{"@id":"https:\/\/europeanvintage.fr\/#website"},"datePublished":"2023-04-25T13:37:36+00:00","dateModified":"2023-04-26T14:06:18+00:00","breadcrumb":{"@id":"https:\/\/europeanvintage.fr\/?page_id=98#breadcrumb"},"inLanguage":"fr-FR","potentialAction":[{"@type":"ReadAction","target":["https:\/\/europeanvintage.fr\/?page_id=98"]}]},{"@type":"BreadcrumbList","@id":"https:\/\/europeanvintage.fr\/?page_id=98#breadcrumb","itemListElement":[{"@type":"ListItem","position":1,"name":"Accueil","item":"https:\/\/europeanvintage.fr\/"},{"@type":"ListItem","position":2,"name":"Mentions L\u00e9gales"}]},{"@type":"WebSite","@id":"https:\/\/europeanvintage.fr\/#website","url":"https:\/\/europeanvintage.fr\/","name":"European Vintage","description":"Classics and Moderns Cars","publisher":{"@id":"https:\/\/europeanvintage.fr\/#organization"},"potentialAction":[{"@type":"SearchAction","target":{"@type":"EntryPoint","urlTemplate":"https:\/\/europeanvintage.fr\/?s={search_term_string}"},"query-input":"required name=search_term_string"}],"inLanguage":"fr-FR"},{"@type":"Organization","@id":"https:\/\/europeanvintage.fr\/#organization","name":"European Vintage","url":"https:\/\/europeanvintage.fr\/","logo":{"@type":"ImageObject","inLanguage":"fr-FR","@id":"https:\/\/europeanvintage.fr\/#\/schema\/logo\/image\/","url":"https:\/\/europeanvintage.fr\/wp-content\/uploads\/2023\/04\/logo.jpg","contentUrl":"https:\/\/europeanvintage.fr\/wp-content\/uploads\/2023\/04\/logo.jpg","width":232,"height":100,"caption":"European Vintage"},"image":{"@id":"https:\/\/europeanvintage.fr\/#\/schema\/logo\/image\/"}}]}},"_links":{"self":[{"href":"https:\/\/europeanvintage.fr\/index.php?rest_route=\/wp\/v2\/pages\/98","targetHints":{"allow":["GET"]}}],"collection":[{"href":"https:\/\/europeanvintage.fr\/index.php?rest_route=\/wp\/v2\/pages"}],"about":[{"href":"https:\/\/europeanvintage.fr\/index.php?rest_route=\/wp\/v2\/types\/page"}],"author":[{"embeddable":true,"href":"https:\/\/europeanvintage.fr\/index.php?rest_route=\/wp\/v2\/users\/1"}],"replies":[{"embeddable":true,"href":"https:\/\/europeanvintage.fr\/index.php?rest_route=%2Fwp%2Fv2%2Fcomments&post=98"}],"version-history":[{"count":7,"href":"https:\/\/europeanvintage.fr\/index.php?rest_route=\/wp\/v2\/pages\/98\/revisions"}],"predecessor-version":[{"id":110,"href":"https:\/\/europeanvintage.fr\/index.php?rest_route=\/wp\/v2\/pages\/98\/revisions\/110"}],"wp:attachment":[{"href":"https:\/\/europeanvintage.fr\/index.php?rest_route=%2Fwp%2Fv2%2Fmedia&parent=98"}],"curies":[{"name":"wp","href":"https:\/\/api.w.org\/{rel}","templated":true}]}}